{"id":56,"date":"2020-03-20T10:28:24","date_gmt":"2020-03-20T12:28:24","guid":{"rendered":"http:\/\/bioineksas.lt\/?page_id=56"},"modified":"2020-07-16T06:34:20","modified_gmt":"2020-07-16T08:34:20","slug":"kontaktai","status":"publish","type":"page","link":"https:\/\/bioineksas.lt\/index.php\/kontaktai\/","title":{"rendered":"Kontaktai"},"content":{"rendered":"\n<p> <strong>Direktorius <br>Marius Paulauskas<\/strong>   <br>Tel. +370 699 55566 <br>El.: marius@bioineksas.lt<br>UAB \u201cBioineksas\u201d<br>S.Daukanto g. 17-2B,<br>LT-44305 Kaunas<br>\u012em.kodas 305208150<br>PVM mok\u0117tojo kodas LT100012572613 <br>Atsiskaitomos s\u0105skaitos nr. LT91 7044 0600 0829 8265, SEB bankas <\/p>\n\n\n\n<p><em><strong>Vilniaus aik\u0161tel\u0117<\/strong><\/em><br>Titnago g.74, Vilnius <br>Darbo laikas <br>I-V 7.30 \u2013 16.00 <br>VI-VII nedirbame <br>Tel.: +370 633 30059 <\/p>\n\n\n\n<p><strong><em>\u0160ven\u010dioni\u0173 aik\u0161tel\u0117 <\/em><\/strong><br>Pliau\u0161k\u0117s km., \u0160ven\u010dioni\u0173 raj. <br>Darbo laikas <br>I-III\u00a07.00-16.00 <br>IV nedirbame <br>V-VI 7.00-16.00 <br>VII nedirbame <br> Tel.: +370 652 25294 <\/p>\n\n\n\n<p><\/p>\n\n\n\n<p><\/p>\n\n\n\n<p><\/p>\n\n\n\n<p><\/p>\n\n\n\n<p><\/p>\n\n\n\n<p><\/p>\n\n\n\n<p><\/p>\n\n\n\n<p><\/p>\n\n\n\n<p><\/p>\n\n\n\n<p><\/p>\n\n\n\n<p><\/p>\n\n\n\n<p><\/p>\n","protected":false},"excerpt":{"rendered":"<p>Direktorius Marius Paulauskas Tel. +370 699 55566 El.: marius@bioineksas.ltUAB \u201cBioineksas\u201dS.Daukanto g. 17-2B,LT-44305 Kaunas\u012em.kodas 305208150PVM mok\u0117tojo kodas LT100012572613 Atsiskaitomos s\u0105skaitos nr. LT91 7044 0600 0829 8265, SEB bankas Vilniaus aik\u0161tel\u0117Titnago g.74, Vilnius Darbo laikas I-V 7.30 \u2013 16.00 VI-VII nedirbame Tel.: +370 633 30059 \u0160ven\u010dioni\u0173 aik\u0161tel\u0117 Pliau\u0161k\u0117s km., \u0160ven\u010dioni\u0173 raj. Darbo laikas I-III\u00a07.00-16.00 IV nedirbame V-VI 7.00-16.00 VII nedirbame Tel.: +370 652 25294<\/p>\n","protected":false},"author":1,"featured_media":0,"parent":0,"menu_order":0,"comment_status":"closed","ping_status":"closed","template":"","meta":{"footnotes":""},"class_list":["post-56","page","type-page","status-publish","hentry"],"_links":{"self":[{"href":"https:\/\/bioineksas.lt\/index.php\/wp-json\/wp\/v2\/pages\/56","targetHints":{"allow":["GET"]}}],"collection":[{"href":"https:\/\/bioineksas.lt\/index.php\/wp-json\/wp\/v2\/pages"}],"about":[{"href":"https:\/\/bioineksas.lt\/index.php\/wp-json\/wp\/v2\/types\/page"}],"author":[{"embeddable":true,"href":"https:\/\/bioineksas.lt\/index.php\/wp-json\/wp\/v2\/users\/1"}],"replies":[{"embeddable":true,"href":"https:\/\/bioineksas.lt\/index.php\/wp-json\/wp\/v2\/comments?post=56"}],"version-history":[{"count":9,"href":"https:\/\/bioineksas.lt\/index.php\/wp-json\/wp\/v2\/pages\/56\/revisions"}],"predecessor-version":[{"id":170,"href":"https:\/\/bioineksas.lt\/index.php\/wp-json\/wp\/v2\/pages\/56\/revisions\/170"}],"wp:attachment":[{"href":"https:\/\/bioineksas.lt\/index.php\/wp-json\/wp\/v2\/media?parent=56"}],"curies":[{"name":"wp","href":"https:\/\/api.w.org\/{rel}","templated":true}]}}