{"id":55,"date":"2020-03-20T10:28:24","date_gmt":"2020-03-20T12:28:24","guid":{"rendered":"http:\/\/bioineksas.lt\/?page_id=55"},"modified":"2020-07-16T06:29:30","modified_gmt":"2020-07-16T08:29:30","slug":"produktai","status":"publish","type":"page","link":"https:\/\/bioineksas.lt\/index.php\/produktai\/","title":{"rendered":"Produktai"},"content":{"rendered":"\n<p> UAB \u201cBioineksas\u201d gamina kokybi\u0161k\u0105, geros strukt\u016bros kompost\u0105, kur\u012f galima panaudoti: techninei augalininkystei, miesto park\u0173, \u017eeldini\u0173, g\u0117lyn\u0173 tvarkymui, pakeli\u0173 ap\u017eeldinimui, savartyn\u0173 ir karjer\u0173, bei sunaikint\u0173 \u017eemi\u0173 rekultyvavimui. <\/p>\n\n\n\n<p style=\"text-align:center\"><strong> Kompostas<\/strong><\/p>\n\n\n\n<table class=\"wp-block-table table th, td{ border-left:1px solid #ccc; border-right: 1px #ccc;}\"><tbody><tr><td>&nbsp;<\/td><td>Bendras Azotas (N)<\/td><td>Bendras Fosforas (P<sub>2<\/sub>O<sub>5<\/sub>)<\/td><td>Bendras Kalis (K<sub>2<\/sub>O)<\/td><\/tr><tr><td>Sausoje med\u017eiagoje:<\/td><td>3,28 %<\/td><td>4,22 %<\/td><td>1,52 %<\/td><\/tr><tr><td> Sausoje med\u017eiagoje: <\/td><td> 2,28 % <\/td><td> 1,46 % <\/td><td> 1,75 % <\/td><\/tr><tr><td><\/td><td><\/td><td><\/td><td><\/td><\/tr><\/tbody><\/table>\n\n\n\n<p><strong>Kreiptis:<br> <\/strong><em>Vadybinink\u0117 Vaida Baltru\u0161aitien\u0117 <br> Tel: +37063330059 <br> El. pa\u0161tas:\u00a0<\/em><a rel=\"noreferrer noopener\" href=\"mailto:vaida@bioineksas.lt\" target=\"_blank\"><em>vaida@bioineksas.lt<\/em><\/a><em> <\/em><\/p>\n\n\n\n<p><\/p>\n\n\n\n<p><\/p>\n\n\n\n<p><\/p>\n\n\n\n<p><\/p>\n\n\n\n<p> <\/p>\n\n\n\n<p><\/p>\n\n\n\n<p><\/p>\n\n\n\n<p><\/p>\n\n\n\n<p><strong><br><\/strong><br><\/p>\n","protected":false},"excerpt":{"rendered":"<p>UAB \u201cBioineksas\u201d gamina kokybi\u0161k\u0105, geros strukt\u016bros kompost\u0105, kur\u012f galima panaudoti: techninei augalininkystei, miesto park\u0173, \u017eeldini\u0173, g\u0117lyn\u0173 tvarkymui, pakeli\u0173 ap\u017eeldinimui, savartyn\u0173 ir karjer\u0173, bei sunaikint\u0173 \u017eemi\u0173 rekultyvavimui. Kompostas &nbsp; Bendras Azotas (N) Bendras Fosforas (P2O5) Bendras Kalis (K2O) Sausoje med\u017eiagoje: 3,28 % 4,22 % 1,52 % Sausoje med\u017eiagoje: 2,28 % 1,46 % 1,75 % Kreiptis: Vadybinink\u0117 Vaida Baltru\u0161aitien\u0117 Tel: +37063330059 El. pa\u0161tas:\u00a0vaida@bioineksas.lt<\/p>\n","protected":false},"author":1,"featured_media":0,"parent":0,"menu_order":0,"comment_status":"closed","ping_status":"closed","template":"","meta":{"footnotes":""},"class_list":["post-55","page","type-page","status-publish","hentry"],"_links":{"self":[{"href":"https:\/\/bioineksas.lt\/index.php\/wp-json\/wp\/v2\/pages\/55","targetHints":{"allow":["GET"]}}],"collection":[{"href":"https:\/\/bioineksas.lt\/index.php\/wp-json\/wp\/v2\/pages"}],"about":[{"href":"https:\/\/bioineksas.lt\/index.php\/wp-json\/wp\/v2\/types\/page"}],"author":[{"embeddable":true,"href":"https:\/\/bioineksas.lt\/index.php\/wp-json\/wp\/v2\/users\/1"}],"replies":[{"embeddable":true,"href":"https:\/\/bioineksas.lt\/index.php\/wp-json\/wp\/v2\/comments?post=55"}],"version-history":[{"count":25,"href":"https:\/\/bioineksas.lt\/index.php\/wp-json\/wp\/v2\/pages\/55\/revisions"}],"predecessor-version":[{"id":168,"href":"https:\/\/bioineksas.lt\/index.php\/wp-json\/wp\/v2\/pages\/55\/revisions\/168"}],"wp:attachment":[{"href":"https:\/\/bioineksas.lt\/index.php\/wp-json\/wp\/v2\/media?parent=55"}],"curies":[{"name":"wp","href":"https:\/\/api.w.org\/{rel}","templated":true}]}}