{"id":54,"date":"2020-03-20T10:28:24","date_gmt":"2020-03-20T12:28:24","guid":{"rendered":"http:\/\/bioineksas.lt\/?page_id=54"},"modified":"2020-07-16T06:35:07","modified_gmt":"2020-07-16T08:35:07","slug":"paslaugos","status":"publish","type":"page","link":"https:\/\/bioineksas.lt\/index.php\/paslaugos\/","title":{"rendered":"Bioskaid\u017ei\u0173 Atliek\u0173 Pri\u0117mimas"},"content":{"rendered":"\n<p>UAB \u201cBioineksas\u201d priima \u017eali\u0105sias atliekas.<\/p>\n\n\n\n<p>Mokestis u\u017e \u017eali\u0105sias atliekas:&nbsp;10&nbsp;EUR\/t + PVM<\/p>\n\n\n\n<p><\/p>\n\n\n\n<p><strong>Kreiptis:<br> <\/strong><em>Vadybinink\u0117 Vaida Baltru\u0161aitien\u0117 <br> Tel: +37063330059 <br> El. pa\u0161tas:\u00a0<\/em><a rel=\"noreferrer noopener\" href=\"mailto:vaida@bioineksas.lt\" target=\"_blank\"><em>vaida@bioineksas.lt<\/em><\/a><em>\u201d <\/em><\/p>\n\n\n\n<p><\/p>\n\n\n\n<p>Visas s\u0105ra\u0161as priimam\u0173 atliek\u0173:<\/p>\n\n\n\n<table class=\"wp-block-table table th, td{ border-left:1px solid #ccc; border-right: 1px #ccc;}\"><tbody><tr><td> <strong>Kodas<\/strong> <\/td><td> <strong>  Pavadinimas<\/strong> <\/td><\/tr><tr><td>02 01 03<\/td><td>\u0160iaudai (augal\u0173 audini\u0173 atliekos)<\/td><\/tr><tr><td>02 01 07<\/td><td>Mi\u0161kininkyst\u0117s atliekos<\/td><\/tr><tr><td>02 03 04<\/td><td>Med\u017eiagos netinkamos vartoti ar perdirbti (vaisi\u0173, dar\u017eovi\u0173, gr\u016bd\u0173, maistinio aliejaus, kakavos, kavos, arbatos ir tabako paruo\u0161imo ir perdirbimo atliekos,<br> konserv\u0173 gamybos, mieli\u0173 ir mieli\u0173 ekstrakto gamybos, melasos gamybos ir fermentavimo atliekos)<\/td><\/tr><tr><td>02 06 01<\/td><td>Med\u017eiagos netinkamos vartoti ar perdirbti (kepimo ir konditerijos pramon\u0117s atliekos)<\/td><\/tr><tr><td>03 01 01<\/td><td>Med\u017eio \u017eiev\u0117s ir kam\u0161\u010diamed\u017eio atliekos<\/td><\/tr><tr><td>03 01 05<\/td><td>Pjuvenos, dro\u017el\u0117s, skiedros, mediena<\/td><\/tr><tr><td>03 03 01<\/td><td>Med\u017eio \u017eiev\u0117s ir medienos atliekos (medienos mas\u0117s, popieriaus bei kartono gamybos ir perdirbimo atliekos)<\/td><\/tr><tr><td>03 03 07<\/td><td>Mechani\u0161kai atskirtos popieriaus ir kartono atliek\u0173 virinimo brokas<\/td><\/tr><tr><td>04 02 21<\/td><td>Neperdirbto tekstil\u0117s pluo\u0161to atliekos<\/td><\/tr><tr><td>04 02 22<\/td><td>Perdirbto tekstil\u0117s pluo\u0161to atliekos<\/td><\/tr><tr><td>10 01 03<\/td><td>Lakieji durpi\u0173 ir neapdorotos medienos pelenai<\/td><\/tr><tr><td>15 01 01<\/td><td>Popierin\u0117 ir kartonin\u0117 pakuot\u0117<\/td><\/tr><tr><td>15 01 03<\/td><td>Medin\u0117s pakuot\u0117s<\/td><\/tr><tr><td>16 03 06<\/td><td>Organin\u0117s atliekos, nenurodytos 16 03 05 (tabako gaminiai, alkoholis)<\/td><\/tr><tr><td>19 08 02<\/td><td>Sm\u0117liagaud\u017ei\u0173 atliekos<\/td><\/tr><tr><td>19 08 05<\/td><td>Miesto nuotek\u0173 dumblas<\/td><\/tr><tr><td>19 12 01 02<\/td><td>Popierius ir kartonas (kitaip neapibr\u0117\u017et\u0173 atliek\u0173 mechaninio apdorojimo atliekos)<\/td><\/tr><tr><td>19 12 07 03<\/td><td>Mediena, nenurodyta 19 12 06 (kitaip neapibr\u0117\u017et\u0173 atliek\u0173 mechaninio apdorojimo atliekos)<\/td><\/tr><tr><td>20 01 01<\/td><td>Popierius ir kartonas (atskirai surenkamos frakcijos i\u0161skyrus 15 01)<\/td><\/tr><tr><td>20 01 08<\/td><td>Biologi\u0161kai suyran\u010dios virtuvi\u0173 ir valgykl\u0173 atliekos (be \u0161alutini\u0173 gyv\u016bnini\u0173 produkt\u0173)<\/td><\/tr><tr><td>20 01 38<\/td><td>Mediena, nenurodyta 20 01 37 (atskirai surenkamos frakcijos i\u0161skyrus 15 01)<\/td><\/tr><tr><td>20 02 01<\/td><td>Biologi\u0161kai suyran\u010dios atliekos (sod\u0173 ir park\u0173 atliekos (\u012fskaitant kapini\u0173 atliekas))<\/td><\/tr><tr><td><\/td><td><\/td><\/tr><\/tbody><\/table>\n\n\n\n<p><strong>D\u0117mesio!<\/strong>&nbsp;\u012e teritorij\u0105 transporto priemon\u0117s \u012fleid\u017eiamos tik su leidimais, tod\u0117l prie\u0161 atve\u017eant atliekas b\u016btina pasiskambinti. <br>Taip pat turi b\u016bti u\u017epildytas <a href=\"http:\/\/bioineksas.lt\/wp-content\/uploads\/2020\/03\/Atlieku-deklaracija-\u0161ablonas-2.doc\"><strong>Atliek\u0173 deklaracijos \u0161ablonas<\/strong><\/a><strong> <br><br><\/strong><\/p>\n\n\n\n<p> <\/p>\n\n\n\n<p><\/p>\n\n\n\n<div class=\"wp-block-themeisle-blocks-pricing\">\n<p><\/p>\n<\/div>\n","protected":false},"excerpt":{"rendered":"<p>UAB \u201cBioineksas\u201d priima \u017eali\u0105sias atliekas. Mokestis u\u017e \u017eali\u0105sias atliekas:&nbsp;10&nbsp;EUR\/t + PVM Kreiptis: Vadybinink\u0117 Vaida Baltru\u0161aitien\u0117 Tel: +37063330059 El. pa\u0161tas:\u00a0vaida@bioineksas.lt\u201d Visas s\u0105ra\u0161as priimam\u0173 atliek\u0173: Kodas Pavadinimas 02 01 03 \u0160iaudai (augal\u0173 audini\u0173 atliekos) 02 01 07 Mi\u0161kininkyst\u0117s atliekos 02 03 04 Med\u017eiagos netinkamos vartoti ar perdirbti (vaisi\u0173, dar\u017eovi\u0173, gr\u016bd\u0173, maistinio aliejaus, kakavos, kavos, arbatos ir tabako paruo\u0161imo ir perdirbimo atliekos, konserv\u0173 gamybos, mieli\u0173 ir mieli\u0173 ekstrakto gamybos, melasos gamybos ir fermentavimo<\/p>\n<div class=\"read-more\"><a class=\"btn read-more-btn\" href=\"https:\/\/bioineksas.lt\/index.php\/paslaugos\/\">Read More<\/a><\/div>\n","protected":false},"author":1,"featured_media":0,"parent":0,"menu_order":0,"comment_status":"closed","ping_status":"closed","template":"","meta":{"footnotes":""},"class_list":["post-54","page","type-page","status-publish","hentry"],"_links":{"self":[{"href":"https:\/\/bioineksas.lt\/index.php\/wp-json\/wp\/v2\/pages\/54","targetHints":{"allow":["GET"]}}],"collection":[{"href":"https:\/\/bioineksas.lt\/index.php\/wp-json\/wp\/v2\/pages"}],"about":[{"href":"https:\/\/bioineksas.lt\/index.php\/wp-json\/wp\/v2\/types\/page"}],"author":[{"embeddable":true,"href":"https:\/\/bioineksas.lt\/index.php\/wp-json\/wp\/v2\/users\/1"}],"replies":[{"embeddable":true,"href":"https:\/\/bioineksas.lt\/index.php\/wp-json\/wp\/v2\/comments?post=54"}],"version-history":[{"count":36,"href":"https:\/\/bioineksas.lt\/index.php\/wp-json\/wp\/v2\/pages\/54\/revisions"}],"predecessor-version":[{"id":171,"href":"https:\/\/bioineksas.lt\/index.php\/wp-json\/wp\/v2\/pages\/54\/revisions\/171"}],"wp:attachment":[{"href":"https:\/\/bioineksas.lt\/index.php\/wp-json\/wp\/v2\/media?parent=54"}],"curies":[{"name":"wp","href":"https:\/\/api.w.org\/{rel}","templated":true}]}}